{"id":326,"date":"2023-05-01T12:05:42","date_gmt":"2023-05-01T10:05:42","guid":{"rendered":"http:\/\/2023.elite-cukiernia.pl\/?post_type=product&#038;p=326"},"modified":"2025-04-17T14:25:59","modified_gmt":"2025-04-17T12:25:59","slug":"tort-borowka","status":"publish","type":"product","link":"https:\/\/elite-cukiernia.pl\/en\/product\/tort-borowka\/","title":{"rendered":"Whortleberry cake"},"content":{"rendered":"<h2>Puszysty biszkopt czekoladowy prze\u0142o\u017cony bit\u0105 \u015bmietan\u0105 oraz konfitur\u0105 bor\u00f3wkow\u0105.<\/h2>","protected":false},"excerpt":{"rendered":"<p>Puszysty biszkopt czekoladowy prze\u0142o\u017cony bit\u0105 \u015bmietan\u0105 oraz konfitur\u0105 bor\u00f3wkow\u0105.<\/p>","protected":false},"featured_media":3786,"template":"","meta":[],"product_cat":[37,30],"product_tag":[],"acf":[],"_links":{"self":[{"href":"https:\/\/elite-cukiernia.pl\/en\/wp-json\/wp\/v2\/product\/326"}],"collection":[{"href":"https:\/\/elite-cukiernia.pl\/en\/wp-json\/wp\/v2\/product"}],"about":[{"href":"https:\/\/elite-cukiernia.pl\/en\/wp-json\/wp\/v2\/types\/product"}],"wp:featuredmedia":[{"embeddable":true,"href":"https:\/\/elite-cukiernia.pl\/en\/wp-json\/wp\/v2\/media\/3786"}],"wp:attachment":[{"href":"https:\/\/elite-cukiernia.pl\/en\/wp-json\/wp\/v2\/media?parent=326"}],"wp:term":[{"taxonomy":"product_cat","embeddable":true,"href":"https:\/\/elite-cukiernia.pl\/en\/wp-json\/wp\/v2\/product_cat?post=326"},{"taxonomy":"product_tag","embeddable":true,"href":"https:\/\/elite-cukiernia.pl\/en\/wp-json\/wp\/v2\/product_tag?post=326"}],"curies":[{"name":"wp","href":"https:\/\/api.w.org\/{rel}","templated":true}]}}