{"id":4990,"date":"2025-10-10T14:30:57","date_gmt":"2025-10-10T12:30:57","guid":{"rendered":"https:\/\/elite-cukiernia.pl\/?post_type=product&#038;p=4990"},"modified":"2026-03-05T12:15:15","modified_gmt":"2026-03-05T11:15:15","slug":"tort-czekoladowy","status":"publish","type":"product","link":"https:\/\/elite-cukiernia.pl\/en\/product\/tort-czekoladowy\/","title":{"rendered":"Tort czekoladowy"},"content":{"rendered":"<p><img decoding=\"async\" loading=\"lazy\" class=\"alignnone size-medium wp-image-4991\" src=\"https:\/\/elite-cukiernia.pl\/wp-content\/uploads\/2025\/10\/Bez-tytulu-376-x-305-px-29-300x243.jpg\" alt=\"\" width=\"300\" height=\"243\" srcset=\"https:\/\/elite-cukiernia.pl\/wp-content\/uploads\/2025\/10\/Bez-tytulu-376-x-305-px-29-300x243.jpg 300w, https:\/\/elite-cukiernia.pl\/wp-content\/uploads\/2025\/10\/Bez-tytulu-376-x-305-px-29-15x12.jpg 15w, https:\/\/elite-cukiernia.pl\/wp-content\/uploads\/2025\/10\/Bez-tytulu-376-x-305-px-29.jpg 376w\" sizes=\"(max-width: 300px) 100vw, 300px\" \/><\/p>","protected":false},"excerpt":{"rendered":"<p><span class=\"a_GcMg font-feature-liga-off font-feature-clig-off font-feature-calt-off text-decoration-none text-strikethrough-none\">Ciemny biszkopt, chrupi\u0105ca pralina czekoladowa i \u015bmietana o smaku deserowej czekolady.<\/span> <span class=\"a_GcMg font-feature-liga-off font-feature-clig-off font-feature-calt-off text-decoration-none text-strikethrough-none\">Dekoracja z p\u0142atk\u00f3w r\u00f3\u017c i efektownego kwiatka.<\/span><\/p>","protected":false},"featured_media":0,"template":"","meta":[],"product_cat":[30],"product_tag":[],"acf":[],"_links":{"self":[{"href":"https:\/\/elite-cukiernia.pl\/en\/wp-json\/wp\/v2\/product\/4990"}],"collection":[{"href":"https:\/\/elite-cukiernia.pl\/en\/wp-json\/wp\/v2\/product"}],"about":[{"href":"https:\/\/elite-cukiernia.pl\/en\/wp-json\/wp\/v2\/types\/product"}],"wp:attachment":[{"href":"https:\/\/elite-cukiernia.pl\/en\/wp-json\/wp\/v2\/media?parent=4990"}],"wp:term":[{"taxonomy":"product_cat","embeddable":true,"href":"https:\/\/elite-cukiernia.pl\/en\/wp-json\/wp\/v2\/product_cat?post=4990"},{"taxonomy":"product_tag","embeddable":true,"href":"https:\/\/elite-cukiernia.pl\/en\/wp-json\/wp\/v2\/product_tag?post=4990"}],"curies":[{"name":"wp","href":"https:\/\/api.w.org\/{rel}","templated":true}]}}